{"id":127,"date":"2025-02-07T16:53:59","date_gmt":"2025-02-07T15:53:59","guid":{"rendered":"https:\/\/remigiuszstefaniuk.com\/?page_id=127"},"modified":"2025-02-12T17:47:21","modified_gmt":"2025-02-12T16:47:21","slug":"about-us","status":"publish","type":"page","link":"https:\/\/remigiuszstefaniuk.com\/en\/about-us\/","title":{"rendered":"ABOUT US"},"content":{"rendered":"\n<div class=\"wp-block-greenshift-blocks-row gspb_row gspb_row-id-gsbp-ff814d7\" id=\"gspb_row-id-gsbp-ff814d7\"><div class=\"gspb_row__content\"> \n<div class=\"wp-block-greenshift-blocks-row-column gspb_row__col--12 gspb_col-id-gsbp-bd53059\" id=\"gspb_col-id-gsbp-bd53059\">\n<p style=\"font-size:clamp(14px, 0.875rem + ((1vw - 3.2px) * 0.156), 16px);line-height:1.6\">Our team consists of architects, designers, structural engineers, and construction engineers with professional building certifications in all specialties.<br>We are characterized by our expertise, efficiency, and in-depth knowledge of building law and related regulations.<br>We focus on quality, cost optimization, and goal achievement.<\/p>\n\n\n\n<p style=\"font-size:clamp(14px, 0.875rem + ((1vw - 3.2px) * 0.156), 16px);line-height:1.6\">Our extensive experience includes comprehensive investment project management, from land analysis to concept development, design, contractor selection, construction, and obtaining the occupancy permit.<\/p>\n\n\n\n<p class=\"has-text-align-center\">We invite you to collaborate with us.<\/p>\n\n\n\n<p class=\"has-text-align-right\">Remigiusz Stefaniuk<br>Owner l Architect IARP<\/p>\n<\/div>\n <\/div><\/div>\n","protected":false},"excerpt":{"rendered":"","protected":false},"author":1,"featured_media":0,"parent":0,"menu_order":0,"comment_status":"closed","ping_status":"closed","template":"","meta":{"_gspb_post_css":"#gspb_row-id-gsbp-ff814d7{justify-content:space-between;margin-top:0;margin-bottom:0;display:flex;flex-wrap:wrap}#gspb_row-id-gsbp-ff814d7>.gspb_row__content{display:flex;justify-content:space-between;margin:0 auto;width:100%;flex-wrap:wrap}.gspb_row{position:relative}div[id^=gspb_col-id]{box-sizing:border-box;position:relative;padding:var(--gs-row-column-padding, 15px min(3vw, 20px))}body.gspb-bodyfront #gspb_row-id-gsbp-ff814d7>.gspb_row__content{width:var(--theme-container-width, 1200px);max-width:var(--theme-normal-container-max-width, 1200px)}#gspb_col-id-gsbp-bd53059.gspb_row__col--12{width:100%}@media (max-width:575.98px){#gspb_col-id-gsbp-bd53059.gspb_row__col--12{width:100%}}body #gspb_col-id-gsbp-bd53059.gspb_row__col--12{display:inline-block}","footnotes":""},"class_list":["post-127","page","type-page","status-publish","hentry"],"blocksy_meta":{"has_hero_section":"enabled","hero_elements":[{"id":"custom_title","enabled":true,"heading_tag":"h1","title":"Strona g\u0142\u00f3wna","__id":"wKhQT8BT_jpY09sxk3I8e"},{"id":"custom_description","enabled":false,"description_visibility":{"desktop":true,"tablet":true,"mobile":false},"__id":"tZJr3S04mvapqXnbM4osX"},{"id":"custom_meta","enabled":false,"meta_elements":[{"id":"author","enabled":true,"label":"Przez","has_author_avatar":"yes","avatar_size":25},{"id":"post_date","enabled":true,"label":"W\u0142\u0105cz","date_format_source":"default","date_format":"M j, Y"},{"id":"updated_date","enabled":false,"label":"W\u0142\u0105cz","date_format_source":"default","date_format":"M j, Y"},{"id":"categories","enabled":false,"label":"W","style":"simple"},{"id":"comments","enabled":true}],"page_meta_elements":{"joined":true,"articles_count":true,"comments":true},"__id":"r444p8IAUsGA51TUin6_j"},{"id":"breadcrumbs","enabled":false,"__id":"4upE7oaW8YSxVB5vbzs5h"},{"id":"content-block","enabled":false,"__id":"_tfFO5aaONbhv4DVabuWt"}],"hero_alignment1":"center","pageTitleFont":{"family":"Default","variation":"n1","size":"30px","line-height":"CT_CSS_SKIP_RULE","letter-spacing":"CT_CSS_SKIP_RULE","text-transform":"CT_CSS_SKIP_RULE","text-decoration":"CT_CSS_SKIP_RULE"},"styles_descriptor":{"styles":{"desktop":"[data-prefix=\"single_page\"] .entry-header .page-title {--theme-font-weight:100;--theme-font-size:30px;} [data-prefix=\"single_page\"] .entry-header .entry-meta {--theme-font-weight:600;--theme-text-transform:uppercase;--theme-font-size:12px;--theme-line-height:1.3;} [data-prefix=\"single_page\"] .hero-section[data-type=\"type-1\"] {--alignment:center;}","tablet":"","mobile":""},"google_fonts":[],"version":6}},"_links":{"self":[{"href":"https:\/\/remigiuszstefaniuk.com\/en\/wp-json\/wp\/v2\/pages\/127","targetHints":{"allow":["GET"]}}],"collection":[{"href":"https:\/\/remigiuszstefaniuk.com\/en\/wp-json\/wp\/v2\/pages"}],"about":[{"href":"https:\/\/remigiuszstefaniuk.com\/en\/wp-json\/wp\/v2\/types\/page"}],"author":[{"embeddable":true,"href":"https:\/\/remigiuszstefaniuk.com\/en\/wp-json\/wp\/v2\/users\/1"}],"replies":[{"embeddable":true,"href":"https:\/\/remigiuszstefaniuk.com\/en\/wp-json\/wp\/v2\/comments?post=127"}],"version-history":[{"count":2,"href":"https:\/\/remigiuszstefaniuk.com\/en\/wp-json\/wp\/v2\/pages\/127\/revisions"}],"predecessor-version":[{"id":222,"href":"https:\/\/remigiuszstefaniuk.com\/en\/wp-json\/wp\/v2\/pages\/127\/revisions\/222"}],"wp:attachment":[{"href":"https:\/\/remigiuszstefaniuk.com\/en\/wp-json\/wp\/v2\/media?parent=127"}],"curies":[{"name":"wp","href":"https:\/\/api.w.org\/{rel}","templated":true}]}}