{"id":122,"date":"2025-02-07T16:54:12","date_gmt":"2025-02-07T15:54:12","guid":{"rendered":"https:\/\/remigiuszstefaniuk.com\/?page_id=122"},"modified":"2025-02-12T18:00:05","modified_gmt":"2025-02-12T17:00:05","slug":"realizacje","status":"publish","type":"page","link":"https:\/\/remigiuszstefaniuk.com\/en\/realizacje\/","title":{"rendered":"PROJECTS"},"content":{"rendered":"\n<div class=\"wp-block-greenshift-blocks-row gspb_row gspb_row-id-gsbp-ff814d7\" id=\"gspb_row-id-gsbp-ff814d7\"><div class=\"gspb_row__content\"> \n<div class=\"wp-block-greenshift-blocks-row-column gspb_row__col--12 gspb_col-id-gsbp-bd53059\" id=\"gspb_col-id-gsbp-bd53059\">\n<ul class=\"wp-block-list\">\n<li>Construction of the\u00a0MITSUI HIGH-TEC EUROPE\u00a0factory (10.000 m\u00b2) in Skarbimierz<\/li>\n\n\n\n<li>Expansion of the\u00a0Mando Corporation Poland\u00a0warehouse (1.500 m\u00b2) in Wa\u0142brzych<\/li>\n\n\n\n<li>Expansion of the\u00a0NIFCO POLAND\u00a0production plant (15.000 m\u00b2) in \u015awidnica<\/li>\n\n\n\n<li>Expansion of the\u00a0YAGI Factory Poland\u00a0(7.000 m\u00b2) in \u017bar\u00f3w<\/li>\n\n\n\n<li>Construction of the\u00a0AKS Precision Ball Poland\u00a0production facility (10.000 m\u00b2) and reconstruction of a (9.000 m\u00b2) hall in \u017bar\u00f3w<\/li>\n\n\n\n<li>Installation of a steel rolling line at&nbsp;ArcelorMittal&nbsp;in Krak\u00f3w<\/li>\n\n\n\n<li>Construction of the\u00a0SEGEPO-REFA\u00a0production plant (5.000 m\u00b2) in \u015awiebodzice<\/li>\n\n\n\n<li>Construction and expansion of multiple&nbsp;McDonald\u2019s&nbsp;restaurants across Poland<\/li>\n\n\n\n<li>Construction of the\u00a0\u015al\u0119\u017cna Park\u00a0office building (3.000 m\u00b2) in Wroc\u0142aw<\/li>\n\n\n\n<li>Construction of a\u00a0multifamily residential building\u00a0on Stajenna Street in Wroc\u0142aw<\/li>\n\n\n\n<li>Expansion of the&nbsp;PRODROB Meat Processing Plant&nbsp;in Oborniki \u015al\u0105skie<\/li>\n\n\n\n<li>Construction of an\u00a0infill multifamily residential building\u00a0(1.500 m\u00b2) on Grunwaldzka Street in Wroc\u0142aw<\/li>\n\n\n\n<li>Expansion of the\u00a0TESCO warehouse\u00a0in Ruda \u015al\u0105ska<\/li>\n\n\n\n<li>Expansion of the\u00a0TESCO warehouse\u00a0in Gliwice<\/li>\n\n\n\n<li>Construction of the\u00a0TESCO supermarket\u00a0in Trzebnica near Wroc\u0142aw<\/li>\n\n\n\n<li>Renovation of the\u00a0TESCO hypermarket\u00a0(20.000 m\u00b2) in Bielany Wroc\u0142awskie<\/li>\n\n\n\n<li>Renovation of the\u00a0University of Economics academic building\u00a0(3.500 m\u00b2) in Wroc\u0142aw<\/li>\n\n\n\n<li>Renovation of the\u00a0TEDE television studio\u00a0in Wroc\u0142aw<\/li>\n\n\n\n<li>Renovation of\u00a0the BP Polska fuel stations\u00a0nationwide as part of the\u00a0Wild Bean Caf\u00e9\u00a0program<\/li>\n\n\n\n<li>Construction of a\u00a0Plastic Products Manufacturing Facility \u2013 KOMPOZYTY, including a\u00a0(2.000 m\u00b2) steel structure hall\u00a0and a\u00a0two-story social and office building (600 m\u00b2)\u00a0in Stanowice near O\u0142awa<\/li>\n<\/ul>\n<\/div>\n <\/div><\/div>\n\n\n\n<div class=\"wp-block-greenshift-blocks-row gspb_row gspb_row-id-gsbp-99dfdad\" id=\"gspb_row-id-gsbp-99dfdad\"><div class=\"gspb_row__content\"> \n<div class=\"wp-block-greenshift-blocks-row-column gspb_row__col--12 gspb_col-id-gsbp-ff184b9\" id=\"gspb_col-id-gsbp-ff184b9\">\n<figure class=\"wp-block-gallery has-nested-images columns-2 wp-block-gallery-1 is-layout-flex wp-block-gallery-is-layout-flex\">\n<figure class=\"wp-block-image size-large\"><img decoding=\"async\" width=\"1024\" height=\"731\" data-id=\"118\" src=\"https:\/\/remigiuszstefaniuk.com\/wp-content\/uploads\/2025\/02\/YAGI_Poland_Factory_Sp_z_o_o_ul_Fabryczna_Zarow-1024x731.webp\" alt=\"\" class=\"wp-image-118\" srcset=\"https:\/\/remigiuszstefaniuk.com\/wp-content\/uploads\/2025\/02\/YAGI_Poland_Factory_Sp_z_o_o_ul_Fabryczna_Zarow-1024x731.webp 1024w, https:\/\/remigiuszstefaniuk.com\/wp-content\/uploads\/2025\/02\/YAGI_Poland_Factory_Sp_z_o_o_ul_Fabryczna_Zarow-300x214.webp 300w, https:\/\/remigiuszstefaniuk.com\/wp-content\/uploads\/2025\/02\/YAGI_Poland_Factory_Sp_z_o_o_ul_Fabryczna_Zarow-768x549.webp 768w, https:\/\/remigiuszstefaniuk.com\/wp-content\/uploads\/2025\/02\/YAGI_Poland_Factory_Sp_z_o_o_ul_Fabryczna_Zarow.webp 1400w\" sizes=\"(max-width: 1024px) 100vw, 1024px\" \/><\/figure>\n\n\n\n<figure class=\"wp-block-image size-large\"><img decoding=\"async\" width=\"1024\" height=\"731\" data-id=\"117\" src=\"https:\/\/remigiuszstefaniuk.com\/wp-content\/uploads\/2025\/02\/ROZBUDOWA-ZAKLADU-PRODUKCYNEGO-NIFCO-POLAND-W-SWIDNICY-1024x731.webp\" alt=\"\" class=\"wp-image-117\" srcset=\"https:\/\/remigiuszstefaniuk.com\/wp-content\/uploads\/2025\/02\/ROZBUDOWA-ZAKLADU-PRODUKCYNEGO-NIFCO-POLAND-W-SWIDNICY-1024x731.webp 1024w, https:\/\/remigiuszstefaniuk.com\/wp-content\/uploads\/2025\/02\/ROZBUDOWA-ZAKLADU-PRODUKCYNEGO-NIFCO-POLAND-W-SWIDNICY-300x214.webp 300w, https:\/\/remigiuszstefaniuk.com\/wp-content\/uploads\/2025\/02\/ROZBUDOWA-ZAKLADU-PRODUKCYNEGO-NIFCO-POLAND-W-SWIDNICY-768x549.webp 768w, https:\/\/remigiuszstefaniuk.com\/wp-content\/uploads\/2025\/02\/ROZBUDOWA-ZAKLADU-PRODUKCYNEGO-NIFCO-POLAND-W-SWIDNICY.webp 1400w\" sizes=\"(max-width: 1024px) 100vw, 1024px\" \/><\/figure>\n\n\n\n<figure class=\"wp-block-image size-large\"><img decoding=\"async\" width=\"1024\" height=\"731\" data-id=\"116\" src=\"https:\/\/remigiuszstefaniuk.com\/wp-content\/uploads\/2025\/02\/ROZBUDOWA-ZAKLADU-PRODUKCYJNEGO-AKS-PRECISSION-BALL-POLAND-W-ZAROWIE-1024x731.webp\" alt=\"\" class=\"wp-image-116\" srcset=\"https:\/\/remigiuszstefaniuk.com\/wp-content\/uploads\/2025\/02\/ROZBUDOWA-ZAKLADU-PRODUKCYJNEGO-AKS-PRECISSION-BALL-POLAND-W-ZAROWIE-1024x731.webp 1024w, https:\/\/remigiuszstefaniuk.com\/wp-content\/uploads\/2025\/02\/ROZBUDOWA-ZAKLADU-PRODUKCYJNEGO-AKS-PRECISSION-BALL-POLAND-W-ZAROWIE-300x214.webp 300w, https:\/\/remigiuszstefaniuk.com\/wp-content\/uploads\/2025\/02\/ROZBUDOWA-ZAKLADU-PRODUKCYJNEGO-AKS-PRECISSION-BALL-POLAND-W-ZAROWIE-768x549.webp 768w, https:\/\/remigiuszstefaniuk.com\/wp-content\/uploads\/2025\/02\/ROZBUDOWA-ZAKLADU-PRODUKCYJNEGO-AKS-PRECISSION-BALL-POLAND-W-ZAROWIE.webp 1400w\" sizes=\"(max-width: 1024px) 100vw, 1024px\" \/><\/figure>\n\n\n\n<figure class=\"wp-block-image size-large\"><img decoding=\"async\" width=\"1024\" height=\"731\" data-id=\"112\" src=\"https:\/\/remigiuszstefaniuk.com\/wp-content\/uploads\/2025\/02\/BUDYNEK-MIESZKALNY-WE-WROCLAWIU-PRZY-UL.-GRUMWALDZKIEJ-1024x731.webp\" alt=\"\" class=\"wp-image-112\" srcset=\"https:\/\/remigiuszstefaniuk.com\/wp-content\/uploads\/2025\/02\/BUDYNEK-MIESZKALNY-WE-WROCLAWIU-PRZY-UL.-GRUMWALDZKIEJ-1024x731.webp 1024w, https:\/\/remigiuszstefaniuk.com\/wp-content\/uploads\/2025\/02\/BUDYNEK-MIESZKALNY-WE-WROCLAWIU-PRZY-UL.-GRUMWALDZKIEJ-300x214.webp 300w, https:\/\/remigiuszstefaniuk.com\/wp-content\/uploads\/2025\/02\/BUDYNEK-MIESZKALNY-WE-WROCLAWIU-PRZY-UL.-GRUMWALDZKIEJ-768x549.webp 768w, https:\/\/remigiuszstefaniuk.com\/wp-content\/uploads\/2025\/02\/BUDYNEK-MIESZKALNY-WE-WROCLAWIU-PRZY-UL.-GRUMWALDZKIEJ.webp 1400w\" sizes=\"(max-width: 1024px) 100vw, 1024px\" \/><\/figure>\n\n\n\n<figure class=\"wp-block-image size-large\"><img decoding=\"async\" width=\"1024\" height=\"731\" data-id=\"113\" src=\"https:\/\/remigiuszstefaniuk.com\/wp-content\/uploads\/2025\/02\/BUDYNEK-MIESZKALNY-WE-WROCLAWIU-PRZY-UL.-STAJENNEJ-1024x731.webp\" alt=\"\" class=\"wp-image-113\" srcset=\"https:\/\/remigiuszstefaniuk.com\/wp-content\/uploads\/2025\/02\/BUDYNEK-MIESZKALNY-WE-WROCLAWIU-PRZY-UL.-STAJENNEJ-1024x731.webp 1024w, https:\/\/remigiuszstefaniuk.com\/wp-content\/uploads\/2025\/02\/BUDYNEK-MIESZKALNY-WE-WROCLAWIU-PRZY-UL.-STAJENNEJ-300x214.webp 300w, https:\/\/remigiuszstefaniuk.com\/wp-content\/uploads\/2025\/02\/BUDYNEK-MIESZKALNY-WE-WROCLAWIU-PRZY-UL.-STAJENNEJ-768x549.webp 768w, https:\/\/remigiuszstefaniuk.com\/wp-content\/uploads\/2025\/02\/BUDYNEK-MIESZKALNY-WE-WROCLAWIU-PRZY-UL.-STAJENNEJ.webp 1400w\" sizes=\"(max-width: 1024px) 100vw, 1024px\" \/><\/figure>\n\n\n\n<figure class=\"wp-block-image size-large\"><img decoding=\"async\" width=\"1024\" height=\"731\" data-id=\"114\" src=\"https:\/\/remigiuszstefaniuk.com\/wp-content\/uploads\/2025\/02\/ROZBUDOWA-FABRYKI-YAGI-FACTORY-POLAND-W-ZAROWIE-1024x731.webp\" alt=\"\" class=\"wp-image-114\" srcset=\"https:\/\/remigiuszstefaniuk.com\/wp-content\/uploads\/2025\/02\/ROZBUDOWA-FABRYKI-YAGI-FACTORY-POLAND-W-ZAROWIE-1024x731.webp 1024w, https:\/\/remigiuszstefaniuk.com\/wp-content\/uploads\/2025\/02\/ROZBUDOWA-FABRYKI-YAGI-FACTORY-POLAND-W-ZAROWIE-300x214.webp 300w, https:\/\/remigiuszstefaniuk.com\/wp-content\/uploads\/2025\/02\/ROZBUDOWA-FABRYKI-YAGI-FACTORY-POLAND-W-ZAROWIE-768x549.webp 768w, https:\/\/remigiuszstefaniuk.com\/wp-content\/uploads\/2025\/02\/ROZBUDOWA-FABRYKI-YAGI-FACTORY-POLAND-W-ZAROWIE.webp 1400w\" sizes=\"(max-width: 1024px) 100vw, 1024px\" \/><\/figure>\n\n\n\n<figure class=\"wp-block-image size-large\"><img decoding=\"async\" width=\"1024\" height=\"731\" data-id=\"115\" src=\"https:\/\/remigiuszstefaniuk.com\/wp-content\/uploads\/2025\/02\/ROZBUDOWA-MAGAZYNU-MANDO-CORPORATION-POLAND-W-WALBRZYCHU-1024x731.webp\" alt=\"\" class=\"wp-image-115\" srcset=\"https:\/\/remigiuszstefaniuk.com\/wp-content\/uploads\/2025\/02\/ROZBUDOWA-MAGAZYNU-MANDO-CORPORATION-POLAND-W-WALBRZYCHU-1024x731.webp 1024w, https:\/\/remigiuszstefaniuk.com\/wp-content\/uploads\/2025\/02\/ROZBUDOWA-MAGAZYNU-MANDO-CORPORATION-POLAND-W-WALBRZYCHU-300x214.webp 300w, https:\/\/remigiuszstefaniuk.com\/wp-content\/uploads\/2025\/02\/ROZBUDOWA-MAGAZYNU-MANDO-CORPORATION-POLAND-W-WALBRZYCHU-768x549.webp 768w, https:\/\/remigiuszstefaniuk.com\/wp-content\/uploads\/2025\/02\/ROZBUDOWA-MAGAZYNU-MANDO-CORPORATION-POLAND-W-WALBRZYCHU.webp 1400w\" sizes=\"(max-width: 1024px) 100vw, 1024px\" \/><\/figure>\n\n\n\n<figure class=\"wp-block-image size-large\"><img decoding=\"async\" width=\"1024\" height=\"731\" data-id=\"111\" src=\"https:\/\/remigiuszstefaniuk.com\/wp-content\/uploads\/2025\/02\/BUDYNEK-BIUROWY-WE-WROCLAWIU-PRZY-UL.-SLEZNEJ-1024x731.webp\" alt=\"\" class=\"wp-image-111\" srcset=\"https:\/\/remigiuszstefaniuk.com\/wp-content\/uploads\/2025\/02\/BUDYNEK-BIUROWY-WE-WROCLAWIU-PRZY-UL.-SLEZNEJ-1024x731.webp 1024w, https:\/\/remigiuszstefaniuk.com\/wp-content\/uploads\/2025\/02\/BUDYNEK-BIUROWY-WE-WROCLAWIU-PRZY-UL.-SLEZNEJ-300x214.webp 300w, https:\/\/remigiuszstefaniuk.com\/wp-content\/uploads\/2025\/02\/BUDYNEK-BIUROWY-WE-WROCLAWIU-PRZY-UL.-SLEZNEJ-768x549.webp 768w, https:\/\/remigiuszstefaniuk.com\/wp-content\/uploads\/2025\/02\/BUDYNEK-BIUROWY-WE-WROCLAWIU-PRZY-UL.-SLEZNEJ.webp 1400w\" sizes=\"(max-width: 1024px) 100vw, 1024px\" \/><\/figure>\n\n\n\n<figure class=\"wp-block-image size-large\"><img decoding=\"async\" width=\"1024\" height=\"731\" data-id=\"110\" src=\"https:\/\/remigiuszstefaniuk.com\/wp-content\/uploads\/2025\/02\/BUDOWY-RESTAURACJI-McDonalds-NA-TERENIE-CALEGO-KRAJU-2-1024x731.webp\" alt=\"\" class=\"wp-image-110\" srcset=\"https:\/\/remigiuszstefaniuk.com\/wp-content\/uploads\/2025\/02\/BUDOWY-RESTAURACJI-McDonalds-NA-TERENIE-CALEGO-KRAJU-2-1024x731.webp 1024w, https:\/\/remigiuszstefaniuk.com\/wp-content\/uploads\/2025\/02\/BUDOWY-RESTAURACJI-McDonalds-NA-TERENIE-CALEGO-KRAJU-2-300x214.webp 300w, https:\/\/remigiuszstefaniuk.com\/wp-content\/uploads\/2025\/02\/BUDOWY-RESTAURACJI-McDonalds-NA-TERENIE-CALEGO-KRAJU-2-768x549.webp 768w, https:\/\/remigiuszstefaniuk.com\/wp-content\/uploads\/2025\/02\/BUDOWY-RESTAURACJI-McDonalds-NA-TERENIE-CALEGO-KRAJU-2.webp 1400w\" sizes=\"(max-width: 1024px) 100vw, 1024px\" \/><\/figure>\n\n\n\n<figure class=\"wp-block-image size-large\"><img decoding=\"async\" width=\"1024\" height=\"731\" data-id=\"109\" src=\"https:\/\/remigiuszstefaniuk.com\/wp-content\/uploads\/2025\/02\/budowa-zakladu-produkcyjnego-segepo-refa-w-swiebodzicach-1024x731.webp\" alt=\"\" class=\"wp-image-109\" srcset=\"https:\/\/remigiuszstefaniuk.com\/wp-content\/uploads\/2025\/02\/budowa-zakladu-produkcyjnego-segepo-refa-w-swiebodzicach-1024x731.webp 1024w, https:\/\/remigiuszstefaniuk.com\/wp-content\/uploads\/2025\/02\/budowa-zakladu-produkcyjnego-segepo-refa-w-swiebodzicach-300x214.webp 300w, https:\/\/remigiuszstefaniuk.com\/wp-content\/uploads\/2025\/02\/budowa-zakladu-produkcyjnego-segepo-refa-w-swiebodzicach-768x549.webp 768w, https:\/\/remigiuszstefaniuk.com\/wp-content\/uploads\/2025\/02\/budowa-zakladu-produkcyjnego-segepo-refa-w-swiebodzicach.webp 1400w\" sizes=\"(max-width: 1024px) 100vw, 1024px\" \/><\/figure>\n<\/figure>\n<\/div>\n <\/div><\/div>\n","protected":false},"excerpt":{"rendered":"","protected":false},"author":1,"featured_media":0,"parent":0,"menu_order":0,"comment_status":"closed","ping_status":"closed","template":"","meta":{"_gspb_post_css":"#gspb_row-id-gsbp-99dfdad,#gspb_row-id-gsbp-ff814d7{justify-content:space-between;margin-bottom:0;display:flex;flex-wrap:wrap}#gspb_row-id-gsbp-ff814d7{margin-top:0}#gspb_row-id-gsbp-ff814d7>.gspb_row__content{display:flex;justify-content:space-between;margin:0 auto;width:100%;flex-wrap:wrap}.gspb_row{position:relative}div[id^=gspb_col-id]{box-sizing:border-box;position:relative;padding:var(--gs-row-column-padding, 15px min(3vw, 20px))}#gspb_col-id-gsbp-bd53059.gspb_row__col--12{width:100%}@media (max-width:575.98px){#gspb_col-id-gsbp-bd53059.gspb_row__col--12{width:100%}}body #gspb_col-id-gsbp-bd53059.gspb_row__col--12{display:inline-block}#gspb_row-id-gsbp-99dfdad>.gspb_row__content{display:flex;justify-content:space-between;margin:0 auto;width:100%;flex-wrap:wrap}body.gspb-bodyfront #gspb_row-id-gsbp-99dfdad>.gspb_row__content,body.gspb-bodyfront #gspb_row-id-gsbp-ff814d7>.gspb_row__content{width:var(--theme-container-width, 1200px);max-width:var(--theme-normal-container-max-width, 1200px)}#gspb_row-id-gsbp-99dfdad{margin-top:40px}#gspb_col-id-gsbp-ff184b9.gspb_row__col--12{width:100%}@media (max-width:575.98px){#gspb_col-id-gsbp-ff184b9.gspb_row__col--12{width:100%}}#gspb_heading-id-gsbp-8300b49{font-size:30px;text-align:center!important;font-weight:400!important}#gspb_heading-id-gsbp-8300b49 .gsap-g-line{text-align:center!important}","footnotes":""},"class_list":["post-122","page","type-page","status-publish","hentry"],"blocksy_meta":[],"_links":{"self":[{"href":"https:\/\/remigiuszstefaniuk.com\/en\/wp-json\/wp\/v2\/pages\/122","targetHints":{"allow":["GET"]}}],"collection":[{"href":"https:\/\/remigiuszstefaniuk.com\/en\/wp-json\/wp\/v2\/pages"}],"about":[{"href":"https:\/\/remigiuszstefaniuk.com\/en\/wp-json\/wp\/v2\/types\/page"}],"author":[{"embeddable":true,"href":"https:\/\/remigiuszstefaniuk.com\/en\/wp-json\/wp\/v2\/users\/1"}],"replies":[{"embeddable":true,"href":"https:\/\/remigiuszstefaniuk.com\/en\/wp-json\/wp\/v2\/comments?post=122"}],"version-history":[{"count":15,"href":"https:\/\/remigiuszstefaniuk.com\/en\/wp-json\/wp\/v2\/pages\/122\/revisions"}],"predecessor-version":[{"id":243,"href":"https:\/\/remigiuszstefaniuk.com\/en\/wp-json\/wp\/v2\/pages\/122\/revisions\/243"}],"wp:attachment":[{"href":"https:\/\/remigiuszstefaniuk.com\/en\/wp-json\/wp\/v2\/media?parent=122"}],"curies":[{"name":"wp","href":"https:\/\/api.w.org\/{rel}","templated":true}]}}